{"id":1155,"date":"2019-09-02T08:07:31","date_gmt":"2019-09-02T08:07:31","guid":{"rendered":"https:\/\/wp.xpeedstudio.com\/medizco\/?page_id=1155"},"modified":"2024-10-22T14:26:30","modified_gmt":"2024-10-22T14:26:30","slug":"sobre-nosotros","status":"publish","type":"page","link":"https:\/\/clinicabenamocarra.com\/en\/sobre-nosotros\/","title":{"rendered":"Sobre nosotros"},"content":{"rendered":"<div data-elementor-type=\"wp-post\" data-elementor-id=\"1155\" class=\"elementor elementor-1155\">\n\t\t\t\t\t\t<section class=\"elementor-section elementor-top-section elementor-element elementor-element-d5b672e elementor-section-content-top ov-h elementor-section-boxed elementor-section-height-default elementor-section-height-default\" data-id=\"d5b672e\" data-element_type=\"section\" data-settings=\"{&quot;ekit_section_parallax_multi&quot;:&quot;yes&quot;,&quot;ekit_section_parallax_multi_items&quot;:[{&quot;parallax_style&quot;:&quot;onscroll&quot;,&quot;image&quot;:null,&quot;pos_x&quot;:{&quot;unit&quot;:&quot;%&quot;,&quot;size&quot;:0,&quot;sizes&quot;:[]},&quot;pos_y&quot;:{&quot;unit&quot;:&quot;%&quot;,&quot;size&quot;:0,&quot;sizes&quot;:[]},&quot;animation_iteration_count&quot;:&quot;infinite&quot;,&quot;zindex&quot;:0,&quot;_id&quot;:&quot;3eee3c3&quot;,&quot;parallax_blur_effect&quot;:{&quot;unit&quot;:&quot;px&quot;,&quot;size&quot;:0,&quot;sizes&quot;:[]},&quot;parallax_blur_effect_tablet&quot;:{&quot;unit&quot;:&quot;px&quot;,&quot;size&quot;:&quot;&quot;,&quot;sizes&quot;:[]},&quot;parallax_blur_effect_mobile&quot;:{&quot;unit&quot;:&quot;px&quot;,&quot;size&quot;:&quot;&quot;,&quot;sizes&quot;:[]},&quot;shape&quot;:null,&quot;width_type&quot;:&quot;&quot;,&quot;animation&quot;:null,&quot;animation_tablet&quot;:null,&quot;animation_mobile&quot;:null,&quot;item_opacity&quot;:&quot;1&quot;,&quot;animation_speed&quot;:null,&quot;parallax_speed&quot;:null,&quot;parallax_transform&quot;:&quot;translateY&quot;,&quot;parallax_transform_value&quot;:&quot;250&quot;,&quot;smoothness&quot;:&quot;700&quot;,&quot;offsettop&quot;:&quot;0&quot;,&quot;offsetbottom&quot;:&quot;0&quot;,&quot;maxtilt&quot;:null,&quot;scale&quot;:null,&quot;disableaxis&quot;:null},{&quot;parallax_style&quot;:&quot;onscroll&quot;,&quot;image&quot;:null,&quot;pos_x&quot;:{&quot;unit&quot;:&quot;%&quot;,&quot;size&quot;:90,&quot;sizes&quot;:[]},&quot;pos_y&quot;:{&quot;unit&quot;:&quot;px&quot;,&quot;size&quot;:-120,&quot;sizes&quot;:[]},&quot;animation_iteration_count&quot;:&quot;infinite&quot;,&quot;zindex&quot;:0,&quot;_id&quot;:&quot;44a7be1&quot;,&quot;parallax_blur_effect&quot;:{&quot;unit&quot;:&quot;px&quot;,&quot;size&quot;:0,&quot;sizes&quot;:[]},&quot;parallax_blur_effect_tablet&quot;:{&quot;unit&quot;:&quot;px&quot;,&quot;size&quot;:&quot;&quot;,&quot;sizes&quot;:[]},&quot;parallax_blur_effect_mobile&quot;:{&quot;unit&quot;:&quot;px&quot;,&quot;size&quot;:&quot;&quot;,&quot;sizes&quot;:[]},&quot;shape&quot;:null,&quot;width_type&quot;:&quot;&quot;,&quot;animation&quot;:null,&quot;animation_tablet&quot;:null,&quot;animation_mobile&quot;:null,&quot;item_opacity&quot;:&quot;1&quot;,&quot;animation_speed&quot;:null,&quot;parallax_speed&quot;:null,&quot;parallax_transform&quot;:&quot;translateY&quot;,&quot;parallax_transform_value&quot;:&quot;250&quot;,&quot;smoothness&quot;:&quot;700&quot;,&quot;offsettop&quot;:&quot;0&quot;,&quot;offsetbottom&quot;:&quot;0&quot;,&quot;maxtilt&quot;:null,&quot;scale&quot;:null,&quot;disableaxis&quot;:null}]}\">\n\t\t\t\t\t\t<div class=\"elementor-container elementor-column-gap-default\">\n\t\t\t\t\t<div class=\"elementor-column elementor-col-50 elementor-top-column elementor-element elementor-element-186fb7e medizco_video_popup_wrap elementor-invisible\" data-id=\"186fb7e\" data-element_type=\"column\" data-settings=\"{&quot;animation&quot;:&quot;fadeInUp&quot;,&quot;animation_delay&quot;:0}\">\n\t\t\t<div class=\"elementor-widget-wrap elementor-element-populated\">\n\t\t\t\t\t\t<div class=\"elementor-element elementor-element-53da903 elementor-absolute elementor-widget__width-initial elementor-widget elementor-widget-image\" data-id=\"53da903\" data-element_type=\"widget\" data-settings=\"{&quot;_position&quot;:&quot;absolute&quot;}\" data-widget_type=\"image.default\">\n\t\t\t\t<div class=\"elementor-widget-container\">\n\t\t\t\t\t\t\t\t\t\t\t\t\t\t\t<img fetchpriority=\"high\" decoding=\"async\" width=\"676\" height=\"675\" src=\"https:\/\/clinicabenamocarra.com\/wp-content\/uploads\/2024\/10\/fondo-2.png\" class=\"attachment-full size-full wp-image-6900\" alt=\"\" srcset=\"https:\/\/clinicabenamocarra.com\/wp-content\/uploads\/2024\/10\/fondo-2.png 676w, https:\/\/clinicabenamocarra.com\/wp-content\/uploads\/2024\/10\/fondo-2-300x300.png 300w, https:\/\/clinicabenamocarra.com\/wp-content\/uploads\/2024\/10\/fondo-2-150x150.png 150w, https:\/\/clinicabenamocarra.com\/wp-content\/uploads\/2024\/10\/fondo-2-12x12.png 12w, https:\/\/clinicabenamocarra.com\/wp-content\/uploads\/2024\/10\/fondo-2-600x599.png 600w, https:\/\/clinicabenamocarra.com\/wp-content\/uploads\/2024\/10\/fondo-2-100x100.png 100w\" sizes=\"(max-width: 676px) 100vw, 676px\" \/>\t\t\t\t\t\t\t\t\t\t\t\t\t\t\t<\/div>\n\t\t\t\t<\/div>\n\t\t\t\t<div class=\"elementor-element elementor-element-2b901e3 elementor-widget elementor-widget-image\" data-id=\"2b901e3\" data-element_type=\"widget\" data-widget_type=\"image.default\">\n\t\t\t\t<div class=\"elementor-widget-container\">\n\t\t\t\t\t\t\t\t\t\t\t\t\t\t\t<img decoding=\"async\" width=\"1200\" height=\"1600\" src=\"https:\/\/clinicabenamocarra.com\/wp-content\/uploads\/2024\/10\/3EB0907E2083EA2D008917.jpg\" class=\"attachment-full size-full wp-image-6731\" alt=\"\" srcset=\"https:\/\/clinicabenamocarra.com\/wp-content\/uploads\/2024\/10\/3EB0907E2083EA2D008917.jpg 1200w, https:\/\/clinicabenamocarra.com\/wp-content\/uploads\/2024\/10\/3EB0907E2083EA2D008917-600x800.jpg 600w, https:\/\/clinicabenamocarra.com\/wp-content\/uploads\/2024\/10\/3EB0907E2083EA2D008917-225x300.jpg 225w, https:\/\/clinicabenamocarra.com\/wp-content\/uploads\/2024\/10\/3EB0907E2083EA2D008917-768x1024.jpg 768w, https:\/\/clinicabenamocarra.com\/wp-content\/uploads\/2024\/10\/3EB0907E2083EA2D008917-1152x1536.jpg 1152w\" sizes=\"(max-width: 1200px) 100vw, 1200px\" \/>\t\t\t\t\t\t\t\t\t\t\t\t\t\t\t<\/div>\n\t\t\t\t<\/div>\n\t\t\t\t\t<\/div>\n\t\t<\/div>\n\t\t\t\t<div class=\"elementor-column elementor-col-50 elementor-top-column elementor-element elementor-element-ac65cc9 elementor-invisible\" data-id=\"ac65cc9\" data-element_type=\"column\" data-settings=\"{&quot;animation&quot;:&quot;fadeInUp&quot;,&quot;animation_delay&quot;:300}\">\n\t\t\t<div class=\"elementor-widget-wrap elementor-element-populated\">\n\t\t\t\t\t\t<div class=\"elementor-element elementor-element-65a4666 elementor-widget elementor-widget-heading\" data-id=\"65a4666\" data-element_type=\"widget\" data-widget_type=\"heading.default\">\n\t\t\t\t<div class=\"elementor-widget-container\">\n\t\t\t\t\t<h2 class=\"elementor-heading-title elementor-size-default\">Cl\u00ednica dental<br>Benamocarra<\/h2>\t\t\t\t<\/div>\n\t\t\t\t<\/div>\n\t\t\t\t<div class=\"elementor-element elementor-element-27da09d short_desc elementor-widget elementor-widget-text-editor\" data-id=\"27da09d\" data-element_type=\"widget\" data-widget_type=\"text-editor.default\">\n\t\t\t\t<div class=\"elementor-widget-container\">\n\t\t\t\t\t\t\t\t\t<p>En nuestra cl\u00ednica, cada sonrisa cuenta. Somos un equipo de profesionales apasionados por la odontolog\u00eda, comprometidos con mejorar la salud bucal de nuestros pacientes a trav\u00e9s de un enfoque integral y personalizado.<\/p><p>Con un trato humano y tecnolog\u00eda de vanguardia, nos esforzamos en brindar una experiencia que supera las expectativas<\/p>\t\t\t\t\t\t\t\t<\/div>\n\t\t\t\t<\/div>\n\t\t\t\t<div class=\"elementor-element elementor-element-26257c9 elementor-widget elementor-widget-elementskit-button\" data-id=\"26257c9\" data-element_type=\"widget\" data-widget_type=\"elementskit-button.default\">\n\t\t\t\t<div class=\"elementor-widget-container\">\n\t\t\t\t\t<div class=\"ekit-wid-con\" >\t\t<div class=\"ekit-btn-wraper\">\n\t\t\t\t\t\t\t<a href=\"#\" class=\"elementskit-btn  whitespace--normal\" id=\"\">\n\t\t\t\t\tReserva tu cita hoy\t\t\t\t<\/a>\n\t\t\t\t\t<\/div>\n        <\/div>\t\t\t\t<\/div>\n\t\t\t\t<\/div>\n\t\t\t\t\t<\/div>\n\t\t<\/div>\n\t\t\t\t\t<\/div>\n\t\t<\/section>\n\t\t<div class=\"elementor-element elementor-element-9bd6370 e-flex e-con-boxed e-con e-parent\" data-id=\"9bd6370\" data-element_type=\"container\">\n\t\t\t\t\t<div class=\"e-con-inner\">\n\t\t\t\t<div class=\"elementor-element elementor-element-71cbd29 elementor-widget elementor-widget-image-gallery\" data-id=\"71cbd29\" data-element_type=\"widget\" data-widget_type=\"image-gallery.default\">\n\t\t\t\t<div class=\"elementor-widget-container\">\n\t\t\t\t\t\t\t<div class=\"elementor-image-gallery\">\n\t\t\t<div id='gallery-1' class='gallery galleryid-1155 gallery-columns-4 gallery-size-medium'><figure class='gallery-item'>\n\t\t\t<div class='gallery-icon portrait'>\n\t\t\t\t<a data-elementor-open-lightbox=\"yes\" data-elementor-lightbox-slideshow=\"71cbd29\" data-elementor-lightbox-title=\"clinica-4\" data-e-action-hash=\"#elementor-action%3Aaction%3Dlightbox%26settings%3DeyJpZCI6Njk2MywidXJsIjoiaHR0cHM6XC9cL2NsaW5pY2FiZW5hbW9jYXJyYS5jb21cL3dwLWNvbnRlbnRcL3VwbG9hZHNcLzIwMjRcLzEwXC9jbGluaWNhLTQuanBnIiwic2xpZGVzaG93IjoiNzFjYmQyOSJ9\" href='https:\/\/clinicabenamocarra.com\/wp-content\/uploads\/2024\/10\/clinica-4.jpg'><img decoding=\"async\" width=\"225\" height=\"300\" src=\"https:\/\/clinicabenamocarra.com\/wp-content\/uploads\/2024\/10\/clinica-4-225x300.jpg\" class=\"attachment-medium size-medium\" alt=\"\" srcset=\"https:\/\/clinicabenamocarra.com\/wp-content\/uploads\/2024\/10\/clinica-4-225x300.jpg 225w, https:\/\/clinicabenamocarra.com\/wp-content\/uploads\/2024\/10\/clinica-4-768x1024.jpg 768w, https:\/\/clinicabenamocarra.com\/wp-content\/uploads\/2024\/10\/clinica-4-1152x1536.jpg 1152w, https:\/\/clinicabenamocarra.com\/wp-content\/uploads\/2024\/10\/clinica-4-9x12.jpg 9w, https:\/\/clinicabenamocarra.com\/wp-content\/uploads\/2024\/10\/clinica-4-600x800.jpg 600w, https:\/\/clinicabenamocarra.com\/wp-content\/uploads\/2024\/10\/clinica-4.jpg 1200w\" sizes=\"(max-width: 225px) 100vw, 225px\" \/><\/a>\n\t\t\t<\/div><\/figure><figure class='gallery-item'>\n\t\t\t<div class='gallery-icon portrait'>\n\t\t\t\t<a data-elementor-open-lightbox=\"yes\" data-elementor-lightbox-slideshow=\"71cbd29\" data-elementor-lightbox-title=\"clinica-3\" data-e-action-hash=\"#elementor-action%3Aaction%3Dlightbox%26settings%3DeyJpZCI6Njk2NCwidXJsIjoiaHR0cHM6XC9cL2NsaW5pY2FiZW5hbW9jYXJyYS5jb21cL3dwLWNvbnRlbnRcL3VwbG9hZHNcLzIwMjRcLzEwXC9jbGluaWNhLTMuanBnIiwic2xpZGVzaG93IjoiNzFjYmQyOSJ9\" href='https:\/\/clinicabenamocarra.com\/wp-content\/uploads\/2024\/10\/clinica-3.jpg'><img loading=\"lazy\" decoding=\"async\" width=\"225\" height=\"300\" src=\"https:\/\/clinicabenamocarra.com\/wp-content\/uploads\/2024\/10\/clinica-3-225x300.jpg\" class=\"attachment-medium size-medium\" alt=\"\" srcset=\"https:\/\/clinicabenamocarra.com\/wp-content\/uploads\/2024\/10\/clinica-3-225x300.jpg 225w, https:\/\/clinicabenamocarra.com\/wp-content\/uploads\/2024\/10\/clinica-3-768x1024.jpg 768w, https:\/\/clinicabenamocarra.com\/wp-content\/uploads\/2024\/10\/clinica-3-1152x1536.jpg 1152w, https:\/\/clinicabenamocarra.com\/wp-content\/uploads\/2024\/10\/clinica-3-9x12.jpg 9w, https:\/\/clinicabenamocarra.com\/wp-content\/uploads\/2024\/10\/clinica-3-600x800.jpg 600w, https:\/\/clinicabenamocarra.com\/wp-content\/uploads\/2024\/10\/clinica-3.jpg 1200w\" sizes=\"(max-width: 225px) 100vw, 225px\" \/><\/a>\n\t\t\t<\/div><\/figure><figure class='gallery-item'>\n\t\t\t<div class='gallery-icon portrait'>\n\t\t\t\t<a data-elementor-open-lightbox=\"yes\" data-elementor-lightbox-slideshow=\"71cbd29\" data-elementor-lightbox-title=\"clinica-2\" data-e-action-hash=\"#elementor-action%3Aaction%3Dlightbox%26settings%3DeyJpZCI6Njk2NSwidXJsIjoiaHR0cHM6XC9cL2NsaW5pY2FiZW5hbW9jYXJyYS5jb21cL3dwLWNvbnRlbnRcL3VwbG9hZHNcLzIwMjRcLzEwXC9jbGluaWNhLTIuanBnIiwic2xpZGVzaG93IjoiNzFjYmQyOSJ9\" href='https:\/\/clinicabenamocarra.com\/wp-content\/uploads\/2024\/10\/clinica-2.jpg'><img loading=\"lazy\" decoding=\"async\" width=\"225\" height=\"300\" src=\"https:\/\/clinicabenamocarra.com\/wp-content\/uploads\/2024\/10\/clinica-2-225x300.jpg\" class=\"attachment-medium size-medium\" alt=\"\" srcset=\"https:\/\/clinicabenamocarra.com\/wp-content\/uploads\/2024\/10\/clinica-2-225x300.jpg 225w, https:\/\/clinicabenamocarra.com\/wp-content\/uploads\/2024\/10\/clinica-2-768x1024.jpg 768w, https:\/\/clinicabenamocarra.com\/wp-content\/uploads\/2024\/10\/clinica-2-1152x1536.jpg 1152w, https:\/\/clinicabenamocarra.com\/wp-content\/uploads\/2024\/10\/clinica-2-9x12.jpg 9w, https:\/\/clinicabenamocarra.com\/wp-content\/uploads\/2024\/10\/clinica-2-600x800.jpg 600w, https:\/\/clinicabenamocarra.com\/wp-content\/uploads\/2024\/10\/clinica-2.jpg 1200w\" sizes=\"(max-width: 225px) 100vw, 225px\" \/><\/a>\n\t\t\t<\/div><\/figure><figure class='gallery-item'>\n\t\t\t<div class='gallery-icon portrait'>\n\t\t\t\t<a data-elementor-open-lightbox=\"yes\" data-elementor-lightbox-slideshow=\"71cbd29\" data-elementor-lightbox-title=\"clinica-1\" data-e-action-hash=\"#elementor-action%3Aaction%3Dlightbox%26settings%3DeyJpZCI6Njk2NiwidXJsIjoiaHR0cHM6XC9cL2NsaW5pY2FiZW5hbW9jYXJyYS5jb21cL3dwLWNvbnRlbnRcL3VwbG9hZHNcLzIwMjRcLzEwXC9jbGluaWNhLTEuanBnIiwic2xpZGVzaG93IjoiNzFjYmQyOSJ9\" href='https:\/\/clinicabenamocarra.com\/wp-content\/uploads\/2024\/10\/clinica-1.jpg'><img loading=\"lazy\" decoding=\"async\" width=\"225\" height=\"300\" src=\"https:\/\/clinicabenamocarra.com\/wp-content\/uploads\/2024\/10\/clinica-1-225x300.jpg\" class=\"attachment-medium size-medium\" alt=\"\" srcset=\"https:\/\/clinicabenamocarra.com\/wp-content\/uploads\/2024\/10\/clinica-1-225x300.jpg 225w, https:\/\/clinicabenamocarra.com\/wp-content\/uploads\/2024\/10\/clinica-1-768x1024.jpg 768w, https:\/\/clinicabenamocarra.com\/wp-content\/uploads\/2024\/10\/clinica-1-1152x1536.jpg 1152w, https:\/\/clinicabenamocarra.com\/wp-content\/uploads\/2024\/10\/clinica-1-9x12.jpg 9w, https:\/\/clinicabenamocarra.com\/wp-content\/uploads\/2024\/10\/clinica-1-600x800.jpg 600w, https:\/\/clinicabenamocarra.com\/wp-content\/uploads\/2024\/10\/clinica-1.jpg 1200w\" sizes=\"(max-width: 225px) 100vw, 225px\" \/><\/a>\n\t\t\t<\/div><\/figure>\n\t\t<\/div>\n\t\t<\/div>\n\t\t\t\t\t\t<\/div>\n\t\t\t\t<\/div>\n\t\t\t\t\t<\/div>\n\t\t\t\t<\/div>\n\t\t\t\t<section class=\"elementor-section elementor-top-section elementor-element elementor-element-9b89125 elementor-section-content-middle elementor-section-boxed elementor-section-height-default elementor-section-height-default\" data-id=\"9b89125\" data-element_type=\"section\">\n\t\t\t\t\t\t<div class=\"elementor-container elementor-column-gap-default\">\n\t\t\t\t\t<div class=\"elementor-column elementor-col-50 elementor-top-column elementor-element elementor-element-38e4f05\" data-id=\"38e4f05\" data-element_type=\"column\">\n\t\t\t<div class=\"elementor-widget-wrap elementor-element-populated\">\n\t\t\t\t\t\t<div class=\"elementor-element elementor-element-451fb3c elementor-widget elementor-widget-image\" data-id=\"451fb3c\" data-element_type=\"widget\" data-widget_type=\"image.default\">\n\t\t\t\t<div class=\"elementor-widget-container\">\n\t\t\t\t\t\t\t\t\t\t\t\t\t\t\t<img loading=\"lazy\" decoding=\"async\" width=\"143\" height=\"87\" src=\"https:\/\/clinicabenamocarra.com\/wp-content\/uploads\/2024\/10\/junta-andalucia.png\" class=\"attachment-large size-large wp-image-6699\" alt=\"\" \/>\t\t\t\t\t\t\t\t\t\t\t\t\t\t\t<\/div>\n\t\t\t\t<\/div>\n\t\t\t\t\t<\/div>\n\t\t<\/div>\n\t\t\t\t<div class=\"elementor-column elementor-col-50 elementor-top-column elementor-element elementor-element-d46fed5\" data-id=\"d46fed5\" data-element_type=\"column\">\n\t\t\t<div class=\"elementor-widget-wrap elementor-element-populated\">\n\t\t\t\t\t\t<div class=\"elementor-element elementor-element-3c45bf5 elementor-hidden-phone elementor-widget elementor-widget-heading\" data-id=\"3c45bf5\" data-element_type=\"widget\" data-widget_type=\"heading.default\">\n\t\t\t\t<div class=\"elementor-widget-container\">\n\t\t\t\t\t<h2 class=\"elementor-heading-title elementor-size-default\">Prestaci\u00f3n Dental Infantil de Andaluc\u00eda<\/h2>\t\t\t\t<\/div>\n\t\t\t\t<\/div>\n\t\t\t\t\t<\/div>\n\t\t<\/div>\n\t\t\t\t\t<\/div>\n\t\t<\/section>\n\t\t\t\t<\/div>","protected":false},"excerpt":{"rendered":"<p>Cl\u00ednica dentalBenamocarra En nuestra cl\u00ednica, cada sonrisa cuenta. Somos un equipo de profesionales apasionados por la odontolog\u00eda, comprometidos con mejorar la salud bucal de nuestros pacientes a trav\u00e9s de un enfoque integral y personalizado. Con un trato humano y tecnolog\u00eda de vanguardia, nos esforzamos en brindar una experiencia que supera las expectativas Reserva tu cita [&hellip;]<\/p>","protected":false},"author":1,"featured_media":0,"parent":0,"menu_order":0,"comment_status":"closed","ping_status":"closed","template":"template\/template-page.php","meta":{"footnotes":""},"class_list":["post-1155","page","type-page","status-publish","hentry"],"yoast_head":"<!-- This site is optimized with the Yoast SEO plugin v23.6 - https:\/\/yoast.com\/wordpress\/plugins\/seo\/ -->\n<title>Sobre nosotros - Cl\u00ednica Benamocarra<\/title>\n<meta name=\"description\" content=\"En nuestra cl\u00ednica, cada sonrisa cuenta. Somos un equipo de profesionales apasionados por la odontolog\u00eda, comprometidos con mejorar la salud bucal de nuestros pacientes a trav\u00e9s de un enfoque integral y personalizado.\" \/>\n<meta name=\"robots\" content=\"index, follow, max-snippet:-1, max-image-preview:large, max-video-preview:-1\" \/>\n<link rel=\"canonical\" href=\"https:\/\/clinicabenamocarra.com\/en\/sobre-nosotros\/\" \/>\n<meta property=\"og:locale\" content=\"en_GB\" \/>\n<meta property=\"og:type\" content=\"article\" \/>\n<meta property=\"og:title\" content=\"Sobre nosotros - Cl\u00ednica Benamocarra\" \/>\n<meta property=\"og:description\" content=\"En nuestra cl\u00ednica, cada sonrisa cuenta. Somos un equipo de profesionales apasionados por la odontolog\u00eda, comprometidos con mejorar la salud bucal de nuestros pacientes a trav\u00e9s de un enfoque integral y personalizado.\" \/>\n<meta property=\"og:url\" content=\"https:\/\/clinicabenamocarra.com\/en\/sobre-nosotros\/\" \/>\n<meta property=\"og:site_name\" content=\"Cl\u00ednica Benamocarra\" \/>\n<meta property=\"article:modified_time\" content=\"2024-10-22T14:26:30+00:00\" \/>\n<meta property=\"og:image\" content=\"https:\/\/clinicabenamocarra.com\/wp-content\/uploads\/2024\/10\/fondo-2.png\" \/>\n\t<meta property=\"og:image:width\" content=\"676\" \/>\n\t<meta property=\"og:image:height\" content=\"675\" \/>\n\t<meta property=\"og:image:type\" content=\"image\/png\" \/>\n<meta name=\"twitter:card\" content=\"summary_large_image\" \/>\n<meta name=\"twitter:label1\" content=\"Est. reading time\" \/>\n\t<meta name=\"twitter:data1\" content=\"2 minutes\" \/>\n<script type=\"application\/ld+json\" class=\"yoast-schema-graph\">{\"@context\":\"https:\/\/schema.org\",\"@graph\":[{\"@type\":\"WebPage\",\"@id\":\"https:\/\/clinicabenamocarra.com\/sobre-nosotros\/\",\"url\":\"https:\/\/clinicabenamocarra.com\/sobre-nosotros\/\",\"name\":\"Sobre nosotros - Cl\u00ednica Benamocarra\",\"isPartOf\":{\"@id\":\"https:\/\/clinicabenamocarra.com\/#website\"},\"primaryImageOfPage\":{\"@id\":\"https:\/\/clinicabenamocarra.com\/sobre-nosotros\/#primaryimage\"},\"image\":{\"@id\":\"https:\/\/clinicabenamocarra.com\/sobre-nosotros\/#primaryimage\"},\"thumbnailUrl\":\"https:\/\/clinicabenamocarra.com\/wp-content\/uploads\/2024\/10\/fondo-2.png\",\"datePublished\":\"2019-09-02T08:07:31+00:00\",\"dateModified\":\"2024-10-22T14:26:30+00:00\",\"description\":\"En nuestra cl\u00ednica, cada sonrisa cuenta. Somos un equipo de profesionales apasionados por la odontolog\u00eda, comprometidos con mejorar la salud bucal de nuestros pacientes a trav\u00e9s de un enfoque integral y personalizado.\",\"breadcrumb\":{\"@id\":\"https:\/\/clinicabenamocarra.com\/sobre-nosotros\/#breadcrumb\"},\"inLanguage\":\"en-GB\",\"potentialAction\":[{\"@type\":\"ReadAction\",\"target\":[\"https:\/\/clinicabenamocarra.com\/sobre-nosotros\/\"]}]},{\"@type\":\"ImageObject\",\"inLanguage\":\"en-GB\",\"@id\":\"https:\/\/clinicabenamocarra.com\/sobre-nosotros\/#primaryimage\",\"url\":\"https:\/\/clinicabenamocarra.com\/wp-content\/uploads\/2024\/10\/fondo-2.png\",\"contentUrl\":\"https:\/\/clinicabenamocarra.com\/wp-content\/uploads\/2024\/10\/fondo-2.png\"},{\"@type\":\"BreadcrumbList\",\"@id\":\"https:\/\/clinicabenamocarra.com\/sobre-nosotros\/#breadcrumb\",\"itemListElement\":[{\"@type\":\"ListItem\",\"position\":1,\"name\":\"Portada\",\"item\":\"https:\/\/clinicabenamocarra.com\/\"},{\"@type\":\"ListItem\",\"position\":2,\"name\":\"Sobre nosotros\"}]},{\"@type\":\"WebSite\",\"@id\":\"https:\/\/clinicabenamocarra.com\/#website\",\"url\":\"https:\/\/clinicabenamocarra.com\/\",\"name\":\"clinicabenamocarra.com\",\"description\":\"Clinica dental en M\u00e1laga\",\"publisher\":{\"@id\":\"https:\/\/clinicabenamocarra.com\/#organization\"},\"potentialAction\":[{\"@type\":\"SearchAction\",\"target\":{\"@type\":\"EntryPoint\",\"urlTemplate\":\"https:\/\/clinicabenamocarra.com\/?s={search_term_string}\"},\"query-input\":{\"@type\":\"PropertyValueSpecification\",\"valueRequired\":true,\"valueName\":\"search_term_string\"}}],\"inLanguage\":\"en-GB\"},{\"@type\":\"Organization\",\"@id\":\"https:\/\/clinicabenamocarra.com\/#organization\",\"name\":\"clinicabenamocarra.com\",\"url\":\"https:\/\/clinicabenamocarra.com\/\",\"logo\":{\"@type\":\"ImageObject\",\"inLanguage\":\"en-GB\",\"@id\":\"https:\/\/clinicabenamocarra.com\/#\/schema\/logo\/image\/\",\"url\":\"https:\/\/clinicabenamocarra.com\/wp-content\/uploads\/2019\/08\/logo-2-1.png\",\"contentUrl\":\"https:\/\/clinicabenamocarra.com\/wp-content\/uploads\/2019\/08\/logo-2-1.png\",\"width\":160,\"height\":60,\"caption\":\"clinicabenamocarra.com\"},\"image\":{\"@id\":\"https:\/\/clinicabenamocarra.com\/#\/schema\/logo\/image\/\"}}]}<\/script>\n<!-- \/ Yoast SEO plugin. -->","yoast_head_json":{"title":"Sobre nosotros - Cl\u00ednica Benamocarra","description":"En nuestra cl\u00ednica, cada sonrisa cuenta. Somos un equipo de profesionales apasionados por la odontolog\u00eda, comprometidos con mejorar la salud bucal de nuestros pacientes a trav\u00e9s de un enfoque integral y personalizado.","robots":{"index":"index","follow":"follow","max-snippet":"max-snippet:-1","max-image-preview":"max-image-preview:large","max-video-preview":"max-video-preview:-1"},"canonical":"https:\/\/clinicabenamocarra.com\/en\/sobre-nosotros\/","og_locale":"en_GB","og_type":"article","og_title":"Sobre nosotros - Cl\u00ednica Benamocarra","og_description":"En nuestra cl\u00ednica, cada sonrisa cuenta. Somos un equipo de profesionales apasionados por la odontolog\u00eda, comprometidos con mejorar la salud bucal de nuestros pacientes a trav\u00e9s de un enfoque integral y personalizado.","og_url":"https:\/\/clinicabenamocarra.com\/en\/sobre-nosotros\/","og_site_name":"Cl\u00ednica Benamocarra","article_modified_time":"2024-10-22T14:26:30+00:00","og_image":[{"width":676,"height":675,"url":"https:\/\/clinicabenamocarra.com\/wp-content\/uploads\/2024\/10\/fondo-2.png","type":"image\/png"}],"twitter_card":"summary_large_image","twitter_misc":{"Est. reading time":"2 minutes"},"schema":{"@context":"https:\/\/schema.org","@graph":[{"@type":"WebPage","@id":"https:\/\/clinicabenamocarra.com\/sobre-nosotros\/","url":"https:\/\/clinicabenamocarra.com\/sobre-nosotros\/","name":"Sobre nosotros - Cl\u00ednica Benamocarra","isPartOf":{"@id":"https:\/\/clinicabenamocarra.com\/#website"},"primaryImageOfPage":{"@id":"https:\/\/clinicabenamocarra.com\/sobre-nosotros\/#primaryimage"},"image":{"@id":"https:\/\/clinicabenamocarra.com\/sobre-nosotros\/#primaryimage"},"thumbnailUrl":"https:\/\/clinicabenamocarra.com\/wp-content\/uploads\/2024\/10\/fondo-2.png","datePublished":"2019-09-02T08:07:31+00:00","dateModified":"2024-10-22T14:26:30+00:00","description":"En nuestra cl\u00ednica, cada sonrisa cuenta. Somos un equipo de profesionales apasionados por la odontolog\u00eda, comprometidos con mejorar la salud bucal de nuestros pacientes a trav\u00e9s de un enfoque integral y personalizado.","breadcrumb":{"@id":"https:\/\/clinicabenamocarra.com\/sobre-nosotros\/#breadcrumb"},"inLanguage":"en-GB","potentialAction":[{"@type":"ReadAction","target":["https:\/\/clinicabenamocarra.com\/sobre-nosotros\/"]}]},{"@type":"ImageObject","inLanguage":"en-GB","@id":"https:\/\/clinicabenamocarra.com\/sobre-nosotros\/#primaryimage","url":"https:\/\/clinicabenamocarra.com\/wp-content\/uploads\/2024\/10\/fondo-2.png","contentUrl":"https:\/\/clinicabenamocarra.com\/wp-content\/uploads\/2024\/10\/fondo-2.png"},{"@type":"BreadcrumbList","@id":"https:\/\/clinicabenamocarra.com\/sobre-nosotros\/#breadcrumb","itemListElement":[{"@type":"ListItem","position":1,"name":"Portada","item":"https:\/\/clinicabenamocarra.com\/"},{"@type":"ListItem","position":2,"name":"Sobre nosotros"}]},{"@type":"WebSite","@id":"https:\/\/clinicabenamocarra.com\/#website","url":"https:\/\/clinicabenamocarra.com\/","name":"clinicabenamocarra.com","description":"Clinica dental en M\u00e1laga","publisher":{"@id":"https:\/\/clinicabenamocarra.com\/#organization"},"potentialAction":[{"@type":"SearchAction","target":{"@type":"EntryPoint","urlTemplate":"https:\/\/clinicabenamocarra.com\/?s={search_term_string}"},"query-input":{"@type":"PropertyValueSpecification","valueRequired":true,"valueName":"search_term_string"}}],"inLanguage":"en-GB"},{"@type":"Organization","@id":"https:\/\/clinicabenamocarra.com\/#organization","name":"clinicabenamocarra.com","url":"https:\/\/clinicabenamocarra.com\/","logo":{"@type":"ImageObject","inLanguage":"en-GB","@id":"https:\/\/clinicabenamocarra.com\/#\/schema\/logo\/image\/","url":"https:\/\/clinicabenamocarra.com\/wp-content\/uploads\/2019\/08\/logo-2-1.png","contentUrl":"https:\/\/clinicabenamocarra.com\/wp-content\/uploads\/2019\/08\/logo-2-1.png","width":160,"height":60,"caption":"clinicabenamocarra.com"},"image":{"@id":"https:\/\/clinicabenamocarra.com\/#\/schema\/logo\/image\/"}}]}},"_links":{"self":[{"href":"https:\/\/clinicabenamocarra.com\/en\/wp-json\/wp\/v2\/pages\/1155","targetHints":{"allow":["GET"]}}],"collection":[{"href":"https:\/\/clinicabenamocarra.com\/en\/wp-json\/wp\/v2\/pages"}],"about":[{"href":"https:\/\/clinicabenamocarra.com\/en\/wp-json\/wp\/v2\/types\/page"}],"author":[{"embeddable":true,"href":"https:\/\/clinicabenamocarra.com\/en\/wp-json\/wp\/v2\/users\/1"}],"replies":[{"embeddable":true,"href":"https:\/\/clinicabenamocarra.com\/en\/wp-json\/wp\/v2\/comments?post=1155"}],"version-history":[{"count":36,"href":"https:\/\/clinicabenamocarra.com\/en\/wp-json\/wp\/v2\/pages\/1155\/revisions"}],"predecessor-version":[{"id":6984,"href":"https:\/\/clinicabenamocarra.com\/en\/wp-json\/wp\/v2\/pages\/1155\/revisions\/6984"}],"wp:attachment":[{"href":"https:\/\/clinicabenamocarra.com\/en\/wp-json\/wp\/v2\/media?parent=1155"}],"curies":[{"name":"wp","href":"https:\/\/api.w.org\/{rel}","templated":true}]}}